{"id":2,"date":"2013-09-26T16:58:17","date_gmt":"2013-09-26T16:58:17","guid":{"rendered":"http:\/\/www.psine.net\/projets\/scrapetcie\/?page_id=2"},"modified":"2021-02-18T16:17:34","modified_gmt":"2021-02-18T14:17:34","slug":"page-d-exemple","status":"publish","type":"page","link":"https:\/\/scrapetcie.psine.net\/?page_id=2","title":{"rendered":"Un peu de moi &#8230;"},"content":{"rendered":"<div id=\"attachment_110\" style=\"width: 260px\" class=\"wp-caption alignright\"><img loading=\"lazy\" decoding=\"async\" aria-describedby=\"caption-attachment-110\" class=\"size-full wp-image-110 \" src=\"http:\/\/www.psine.net\/projets\/scrapetcie\/wp-content\/uploads\/2013\/09\/psine.jpg\" alt=\"psine\" width=\"250\" height=\"250\" srcset=\"https:\/\/scrapetcie.psine.net\/wp-content\/uploads\/2013\/09\/psine.jpg 250w, https:\/\/scrapetcie.psine.net\/wp-content\/uploads\/2013\/09\/psine-150x150.jpg 150w, https:\/\/scrapetcie.psine.net\/wp-content\/uploads\/2013\/09\/psine-125x125.jpg 125w\" sizes=\"auto, (max-width: 250px) 100vw, 250px\" \/><p id=\"caption-attachment-110\" class=\"wp-caption-text\">Photo <a href=\"http:\/\/www.lovelypeonies.com\/\" target=\"_blank\" rel=\"noopener noreferrer\">Lovely Peonies<\/a><\/p><\/div>\n<p dir=\"ltr\" style=\"text-align: justify;\">Adepte depuis toute petite des activit\u00e9s manuelles et du DIY, j\u2019ai commenc\u00e9 le scrap en 2005. Je vis sur Paris avec mon ch\u00e9ri et mon gros chat noir \ud83d\ude42<\/p>\n<p dir=\"ltr\" style=\"text-align: justify;\">Je scrappe aussi bien en ateliers que seule ou avec des amies. Je ne suis pas tr\u00e8s productive, le plus long \u00e9tant toujours de choisir et retoucher les photos, mais j\u2019adore g\u00e2ter mes proches avec de jolis albums pour les grandes occasions.<\/p>\n<p dir=\"ltr\" style=\"text-align: justify;\">Malgr\u00e9 mon beau r\u00e9flex, j\u2019ai encore pas mal de progr\u00e8s \u00e0 faire en photo, mais j\u2019y travaille ! Et je viens de me lancer dans le post traitement avec Adobe Lightroom. Cel\u00e0 permet de vraiment changer l\u2019ambiance des photos et de les rendre plus \u201cpr\u00e9sentables\u201d.<\/p>\n<p dir=\"ltr\" style=\"text-align: justify;\">J\u2019aime autant scrapper que partager cette passion. Ainsi j\u2019ai particip\u00e9 il y a quelques ann\u00e9es \u00e0 la r\u00e9daction du emag \u201cLe p\u2019tit \u00e9cho du scrap\u201d avec le forum <a href=\"http:\/\/scrapissimots.actifforum.com\/\">Scrapissimots<\/a>, j\u2019ai publi\u00e9 plusieurs fois dans le magazine \u201c<a href=\"http:\/\/scrap-pour-tous.over-blog.com\/\">Scrap pour tous<\/a>\u201d, j\u2019ai mont\u00e9 le forum <a href=\"http:\/\/crafty.actifforum.com\/http:\/\/\">Crafty<\/a> avec mon amie Tatie et en 2010 j\u2019ai co-organis\u00e9 avec C\u00e9line, Chrystel et St\u00e9phanie la convention internationale \u201cPaper &amp; Co Show\u201d. Mais en ce moment, j&rsquo;ai tout arr\u00eat\u00e9 et je suis au repos \ud83d\ude42<\/p>\n<p dir=\"ltr\" style=\"text-align: justify;\">Vous trouverez ici une bonne partie de mes r\u00e9alisations ainsi que quelques tutorials. Je vous souhaite une bonne visite.<\/p>\n<p dir=\"ltr\">Vous pouvez me retrouver sur <a href=\"https:\/\/www.instagram.com\/psine75\/\">Instagram<\/a> et <a href=\"http:\/\/www.pinterest.com\/psine\/scrap-mes-albums\/\">Pinterest<\/a><\/p>\n<p dir=\"ltr\">Pour me contacter, n\u2019h\u00e9sitez pas \u00e0 m\u2019\u00e9crire avec le formulaire ci-dessous.<\/p>\n<p>[contact-form subject=&rsquo;Message en provenance du blog Scrap %26amp; Cie&rsquo;][contact-field label=&rsquo;Nom&rsquo; type=&rsquo;name&rsquo; required=&rsquo;1&rsquo;\/][contact-field label=&rsquo;Email&rsquo; type=&#8217;email&rsquo; required=&rsquo;1&rsquo;\/][contact-field label=&rsquo;Commentaire&rsquo; type=&rsquo;textarea&rsquo; required=&rsquo;1&rsquo;\/][\/contact-form]<\/p>\n<p dir=\"ltr\">\u00a0Ce blog <a href=\"http:\/\/www.wordpress-fr.net\/\">WordPress<\/a> est personnalis\u00e9 avec le th\u00e8me <a href=\"http:\/\/cudazi.com\/mono-wordpress-free\/\">Cudazi Mono<\/a><\/p>\n","protected":false},"excerpt":{"rendered":"<p>Adepte depuis toute petite des activit\u00e9s manuelles et du DIY, j\u2019ai commenc\u00e9 le scrap en 2005. Je vis sur Paris avec mon ch\u00e9ri et mon gros chat noir \ud83d\ude42 Je scrappe aussi bien en ateliers que seule ou avec des amies. Je ne suis pas tr\u00e8s productive, le plus long \u00e9tant toujours de choisir et [&hellip;]<\/p>\n","protected":false},"author":1,"featured_media":0,"parent":0,"menu_order":0,"comment_status":"closed","ping_status":"open","template":"page-fullwidth.php","meta":{"footnotes":""},"class_list":["post-2","page","type-page","status-publish","hentry"],"_links":{"self":[{"href":"https:\/\/scrapetcie.psine.net\/index.php?rest_route=\/wp\/v2\/pages\/2","targetHints":{"allow":["GET"]}}],"collection":[{"href":"https:\/\/scrapetcie.psine.net\/index.php?rest_route=\/wp\/v2\/pages"}],"about":[{"href":"https:\/\/scrapetcie.psine.net\/index.php?rest_route=\/wp\/v2\/types\/page"}],"author":[{"embeddable":true,"href":"https:\/\/scrapetcie.psine.net\/index.php?rest_route=\/wp\/v2\/users\/1"}],"replies":[{"embeddable":true,"href":"https:\/\/scrapetcie.psine.net\/index.php?rest_route=%2Fwp%2Fv2%2Fcomments&post=2"}],"version-history":[{"count":29,"href":"https:\/\/scrapetcie.psine.net\/index.php?rest_route=\/wp\/v2\/pages\/2\/revisions"}],"predecessor-version":[{"id":2498,"href":"https:\/\/scrapetcie.psine.net\/index.php?rest_route=\/wp\/v2\/pages\/2\/revisions\/2498"}],"wp:attachment":[{"href":"https:\/\/scrapetcie.psine.net\/index.php?rest_route=%2Fwp%2Fv2%2Fmedia&parent=2"}],"curies":[{"name":"wp","href":"https:\/\/api.w.org\/{rel}","templated":true}]}}